{"id":647,"date":"2023-02-09T13:50:21","date_gmt":"2023-02-09T13:50:21","guid":{"rendered":"https:\/\/www.alpha-graechen.ch\/contact-hotel-alpha-graechen\/"},"modified":"2023-05-31T13:29:05","modified_gmt":"2023-05-31T13:29:05","slug":"contact-hotel-alpha-graechen","status":"publish","type":"page","link":"https:\/\/www.alpha-graechen.ch\/fr\/contact-hotel-alpha-graechen\/","title":{"rendered":"Contact H\u00f4tel Alpha Gr\u00e4chen"},"content":{"rendered":"\n<div class=\"wp-block-uagb-container uagb-block-89d2583f alignfull uagb-is-root-container\"><div class=\"uagb-container-inner-blocks-wrap\"><h1 class=\"wp-block-post-title\">Contact H\u00f4tel Alpha Gr\u00e4chen<\/h1><\/div><\/div>\n\n<div class=\"wp-block-uagb-container uagb-block-fc9d735c alignfull uagb-is-root-container\"><div class=\"uagb-container-inner-blocks-wrap\">\n<div class=\"wp-block-uagb-container uagb-block-b182f99e\">\n<div class=\"wpcf7 no-js\" id=\"wpcf7-f702-o1\" lang=\"fr-FR\" dir=\"ltr\" data-wpcf7-id=\"702\">\n<div class=\"screen-reader-response\"><p role=\"status\" aria-live=\"polite\" aria-atomic=\"true\"><\/p> <ul><\/ul><\/div>\n<form action=\"\/fr\/wp-json\/wp\/v2\/pages\/647#wpcf7-f702-o1\" method=\"post\" class=\"wpcf7-form init\" aria-label=\"Formulaire de contact\" novalidate=\"novalidate\" data-status=\"init\">\n<fieldset class=\"hidden-fields-container\"><input type=\"hidden\" name=\"_wpcf7\" value=\"702\" \/><input type=\"hidden\" name=\"_wpcf7_version\" value=\"6.1.5\" \/><input type=\"hidden\" name=\"_wpcf7_locale\" value=\"fr_FR\" \/><input type=\"hidden\" name=\"_wpcf7_unit_tag\" value=\"wpcf7-f702-o1\" \/><input type=\"hidden\" name=\"_wpcf7_container_post\" value=\"0\" \/><input type=\"hidden\" name=\"_wpcf7_posted_data_hash\" value=\"\" \/>\n<\/fieldset>\n<div class=\"wpcf7-response-output\" aria-hidden=\"true\"><\/div>\n<p><span class=\"wpcf7-form-control-wrap\" data-name=\"vorname\"><input size=\"40\" maxlength=\"400\" class=\"wpcf7-form-control wpcf7-text wpcf7-validates-as-required\" aria-required=\"true\" aria-invalid=\"false\" placeholder=\"Pr\u00e9nom\" value=\"\" type=\"text\" name=\"vorname\" \/><\/span>\n<\/p>\n<p><span class=\"wpcf7-form-control-wrap\" data-name=\"nachname\"><input size=\"40\" maxlength=\"400\" class=\"wpcf7-form-control wpcf7-text wpcf7-validates-as-required\" aria-required=\"true\" aria-invalid=\"false\" placeholder=\"Nom de famille\" value=\"\" type=\"text\" name=\"nachname\" \/><\/span>\n<\/p>\n<p><span class=\"wpcf7-form-control-wrap\" data-name=\"email\"><input size=\"40\" maxlength=\"400\" class=\"wpcf7-form-control wpcf7-email wpcf7-validates-as-required wpcf7-text wpcf7-validates-as-email\" aria-required=\"true\" aria-invalid=\"false\" placeholder=\"Email\" value=\"\" type=\"email\" name=\"email\" \/><\/span>\n<\/p>\n<p><span class=\"wpcf7-form-control-wrap\" data-name=\"telefon\"><input size=\"40\" maxlength=\"400\" minlength=\"10\" class=\"wpcf7-form-control wpcf7-tel wpcf7-validates-as-required wpcf7-text wpcf7-validates-as-tel\" aria-required=\"true\" aria-invalid=\"false\" placeholder=\"T\u00e9l\u00e9phone\" value=\"\" type=\"tel\" name=\"telefon\" \/><\/span>\n<\/p>\n<p><span class=\"wpcf7-form-control-wrap\" data-name=\"nachricht\"><textarea cols=\"40\" rows=\"10\" maxlength=\"2000\" class=\"wpcf7-form-control wpcf7-textarea wpcf7-validates-as-required\" aria-required=\"true\" aria-invalid=\"false\" placeholder=\"Message\" name=\"nachricht\"><\/textarea><\/span>\n<\/p>\n<p><input class=\"wpcf7-form-control wpcf7-submit has-spinner\" type=\"submit\" value=\"Envoyer\" \/>\n<\/p>\n<\/form>\n<\/div>\n\n<\/div>\n\n\n\n<div class=\"wp-block-uagb-container uagb-block-b729c431\">\n<div style=\"height:10px\" aria-hidden=\"true\" class=\"wp-block-spacer\"><\/div>\n\n\n\n<div class=\"wp-block-uagb-icon-list uagb-block-df564e03\"><div class=\"uagb-icon-list__wrap\">\n<div class=\"wp-block-uagb-icon-list-child uagb-block-c47d9861\"><a target=\"_self\" aria-label=\"+41 27 956 13 01\" rel=\"noopener noreferrer\" href=\"tel:+41 27 956 13 01\"> <\/a><span class=\"uagb-icon-list__source-wrap\"><svg xmlns=\"https:\/\/www.w3.org\/2000\/svg\" viewbox=\"0 0 512 512\"><path d=\"M284.6 181.9c-10.28-8.344-25.41-6.875-33.75 3.406C242.4 195.6 243.9 210.7 254.2 219.1c11.31 9.25 17.81 22.69 17.81 36.87c0 14.19-6.5 27.62-17.81 36.87c-10.28 8.406-11.78 23.53-3.375 33.78c4.719 5.812 11.62 8.812 18.56 8.812c5.344 0 10.75-1.781 15.19-5.406c22.53-18.44 35.44-45.4 35.44-74.05S307.1 200.4 284.6 181.9zM345.1 107.1c-10.22-8.344-25.34-6.907-33.78 3.343c-8.406 10.25-6.906 25.37 3.344 33.78c33.88 27.78 53.31 68.18 53.31 110.9s-19.44 83.09-53.31 110.9c-10.25 8.406-11.75 23.53-3.344 33.78c4.75 5.781 11.62 8.781 18.56 8.781c5.375 0 10.75-1.781 15.22-5.438C390.2 367.1 416 313.1 416 255.1S390.2 144.9 345.1 107.1zM406.4 33.15c-10.22-8.344-25.34-6.875-33.78 3.344c-8.406 10.25-6.906 25.37 3.344 33.78C431.9 116.1 464 183.8 464 255.1s-32.09 139.9-88.06 185.7c-10.25 8.406-11.75 23.53-3.344 33.78c4.75 5.781 11.62 8.781 18.56 8.781c5.375 0 10.75-1.781 15.22-5.438C473.5 423.8 512 342.6 512 255.1S473.5 88.15 406.4 33.15zM151.3 174.6C161.1 175.6 172.1 169.5 176 159.6l33.75-84.38C214 64.35 209.1 51.1 200.2 45.86l-67.47-42.17C123.2-2.289 110.9-.8945 102.9 7.08C-34.32 144.3-34.31 367.7 102.9 504.9c7.982 7.984 20.22 9.379 29.75 3.402l67.48-42.19c9.775-6.104 13.9-18.47 9.598-29.3L176 352.5c-3.945-9.963-14.14-16.11-24.73-14.97l-53.24 5.314C78.89 286.7 78.89 225.4 98.06 169.3L151.3 174.6z\"><\/path><\/svg><\/span><span class=\"uagb-icon-list__label\">+41 27 956 13 01<\/span><\/div>\n\n\n\n<div class=\"wp-block-uagb-icon-list-child uagb-block-36efb46e\"><a target=\"_self\" aria-label=\"Whats App\" rel=\"noopener noreferrer\" href=\"https:\/\/wa.me\/+41798307153\"> <\/a><span class=\"uagb-icon-list__source-wrap\"><svg xmlns=\"https:\/\/www.w3.org\/2000\/svg\" viewbox=\"0 0 448 512\"><path d=\"M380.9 97.1C339 55.1 283.2 32 223.9 32c-122.4 0-222 99.6-222 222 0 39.1 10.2 77.3 29.6 111L0 480l117.7-30.9c32.4 17.7 68.9 27 106.1 27h.1c122.3 0 224.1-99.6 224.1-222 0-59.3-25.2-115-67.1-157zm-157 341.6c-33.2 0-65.7-8.9-94-25.7l-6.7-4-69.8 18.3L72 359.2l-4.4-7c-18.5-29.4-28.2-63.3-28.2-98.2 0-101.7 82.8-184.5 184.6-184.5 49.3 0 95.6 19.2 130.4 54.1 34.8 34.9 56.2 81.2 56.1 130.5 0 101.8-84.9 184.6-186.6 184.6zm101.2-138.2c-5.5-2.8-32.8-16.2-37.9-18-5.1-1.9-8.8-2.8-12.5 2.8-3.7 5.6-14.3 18-17.6 21.8-3.2 3.7-6.5 4.2-12 1.4-32.6-16.3-54-29.1-75.5-66-5.7-9.8 5.7-9.1 16.3-30.3 1.8-3.7 .9-6.9-.5-9.7-1.4-2.8-12.5-30.1-17.1-41.2-4.5-10.8-9.1-9.3-12.5-9.5-3.2-.2-6.9-.2-10.6-.2-3.7 0-9.7 1.4-14.8 6.9-5.1 5.6-19.4 19-19.4 46.3 0 27.3 19.9 53.7 22.6 57.4 2.8 3.7 39.1 59.7 94.8 83.8 35.2 15.2 49 16.5 66.6 13.9 10.7-1.6 32.8-13.4 37.4-26.4 4.6-13 4.6-24.1 3.2-26.4-1.3-2.5-5-3.9-10.5-6.6z\"><\/path><\/svg><\/span><span class=\"uagb-icon-list__label\">Whats App<\/span><\/div>\n\n\n\n<div class=\"wp-block-uagb-icon-list-child uagb-block-607044e3\"><a target=\"_blank\" aria-label=\"Standort auf Google Maps\" rel=\"noopener noreferrer\" href=\"https:\/\/maps.google.com\/maps?ll=46.197874,7.840614&amp;z=16&amp;t=m&amp;hl=de&amp;gl=CH&amp;mapclient=embed&amp;cid=2752016242918597461\"> <\/a><span class=\"uagb-icon-list__source-wrap\"><svg xmlns=\"https:\/\/www.w3.org\/2000\/svg\" viewbox=\"0 0 576 512\"><path d=\"M273.2 311.1C241.1 271.9 167.1 174.6 167.1 120C167.1 53.73 221.7 0 287.1 0C354.3 0 408 53.73 408 120C408 174.6 334.9 271.9 302.8 311.1C295.1 321.6 280.9 321.6 273.2 311.1V311.1zM416 503V200.4C419.5 193.5 422.7 186.7 425.6 179.8C426.1 178.6 426.6 177.4 427.1 176.1L543.1 129.7C558.9 123.4 576 135 576 152V422.8C576 432.6 570 441.4 560.9 445.1L416 503zM15.09 187.3L137.6 138.3C140 152.5 144.9 166.6 150.4 179.8C153.3 186.7 156.5 193.5 160 200.4V451.8L32.91 502.7C17.15 508.1 0 497.4 0 480.4V209.6C0 199.8 5.975 190.1 15.09 187.3H15.09zM384 504.3L191.1 449.4V255C212.5 286.3 234.3 314.6 248.2 331.1C268.7 357.6 307.3 357.6 327.8 331.1C341.7 314.6 363.5 286.3 384 255L384 504.3z\"><\/path><\/svg><\/span><span class=\"uagb-icon-list__label\">Localisation sur Google Maps<\/span><\/div>\n<\/div><\/div>\n<\/div>\n<\/div><\/div>\n\n<p><\/p>\n\n<div class=\"wp-block-uagb-container uagb-block-414e6c9e alignfull uagb-is-root-container\"><div class=\"uagb-container-inner-blocks-wrap\">\n<div class=\"wp-block-uagb-container animated fadeInUp uagb-block-bb368822\">\n<figure class=\"wp-block-image size-large\"><img loading=\"lazy\" decoding=\"async\" width=\"1024\" height=\"768\" src=\"https:\/\/www.alpha-graechen.ch\/wp-content\/uploads\/2023\/02\/rita-kurt-schibler-schnidrig-1024x768.jpg\" alt=\"Vos h&#xF4;tes &#xE0; l'h&#xF4;tel Alpha, Kurt et Rita Schibler-Schnidrig\" class=\"wp-image-194\" srcset=\"https:\/\/www.alpha-graechen.ch\/wp-content\/uploads\/2023\/02\/rita-kurt-schibler-schnidrig-1024x768.jpg 1024w, https:\/\/www.alpha-graechen.ch\/wp-content\/uploads\/2023\/02\/rita-kurt-schibler-schnidrig-300x225.jpg 300w, https:\/\/www.alpha-graechen.ch\/wp-content\/uploads\/2023\/02\/rita-kurt-schibler-schnidrig-768x576.jpg 768w, https:\/\/www.alpha-graechen.ch\/wp-content\/uploads\/2023\/02\/rita-kurt-schibler-schnidrig.jpg 1500w\" sizes=\"auto, (max-width: 1024px) 100vw, 1024px\" \/><\/figure><\/div>\n\n\n\n<div class=\"wp-block-uagb-container uagb-block-964c4511\">\n<h2 class=\"wp-block-heading\">Vos h\u00f4tes \u00e0 Gr\u00e4chen<\/h2>\n\n\n\n<p class=\"has-central-palette-3-color has-text-color\">Rita et Kurt Schibler - Schnidrig se r\u00e9jouissent de vous accueillir !<\/p>\n\n\n\n<div class=\"wp-block-buttons uag-hide-mob is-content-justification-left is-layout-flex wp-container-core-buttons-is-layout-fc4fd283 wp-block-buttons-is-layout-flex\">\n<div class=\"wp-block-button\"><a class=\"wp-block-button__link has-central-palette-9-color has-central-palette-3-background-color has-text-color has-background wp-element-button\" href=\"https:\/\/www.alpha-graechen.ch\/fr\/chambre-dhotel-verifier-la-disponibilite\/\" style=\"border-radius:3px\">V\u00e9rifier la disponibilit\u00e9<\/a><\/div>\n<\/div>\n\n\n\n<div class=\"wp-block-buttons uag-hide-mob is-content-justification-left is-layout-flex wp-container-core-buttons-is-layout-fc4fd283 wp-block-buttons-is-layout-flex\">\n<div class=\"wp-block-button\"><a class=\"wp-block-button__link has-central-palette-9-color has-central-palette-3-background-color has-text-color has-background wp-element-button\" href=\"tel:+41 27 956 13 01\" style=\"border-radius:3px\">+41 27 956 13 01<\/a><\/div>\n<\/div>\n<\/div>\n<\/div><\/div>\n","protected":false},"excerpt":{"rendered":"<p>Vos h\u00f4tes \u00e0 Gr\u00e4chen Rita et Kurt Schibler - Schnidrig se r\u00e9jouissent de vous accueillir !<\/p>\n","protected":false},"author":1,"featured_media":0,"parent":0,"menu_order":0,"comment_status":"closed","ping_status":"closed","template":"","meta":{"inline_featured_image":false,"_uag_custom_page_level_css":"","footnotes":""},"class_list":["post-647","page","type-page","status-publish","hentry"],"yoast_head":"<!-- This site is optimized with the Yoast SEO plugin v27.3 - https:\/\/yoast.com\/product\/yoast-seo-wordpress\/ -->\n<title>Contact H\u00f4tel Alpha Gr\u00e4chen - Hotel Alpha in Gr\u00e4chen - Drei Sterne und ideal gelegen!<\/title>\n<meta name=\"robots\" content=\"index, follow, max-snippet:-1, max-image-preview:large, max-video-preview:-1\" \/>\n<link rel=\"canonical\" href=\"https:\/\/www.alpha-graechen.ch\/fr\/contact-hotel-alpha-graechen\/\" \/>\n<meta property=\"og:locale\" content=\"fr_FR\" \/>\n<meta property=\"og:type\" content=\"article\" \/>\n<meta property=\"og:title\" content=\"Contact H\u00f4tel Alpha Gr\u00e4chen - Hotel Alpha in Gr\u00e4chen - Drei Sterne und ideal gelegen!\" \/>\n<meta property=\"og:description\" content=\"Vos h\u00f4tes \u00e0 Gr\u00e4chen Rita et Kurt Schibler - Schnidrig se r\u00e9jouissent de vous accueillir !\" \/>\n<meta property=\"og:url\" content=\"https:\/\/www.alpha-graechen.ch\/fr\/contact-hotel-alpha-graechen\/\" \/>\n<meta property=\"og:site_name\" content=\"Hotel Alpha in Gr\u00e4chen - Drei Sterne und ideal gelegen!\" \/>\n<meta property=\"article:publisher\" content=\"https:\/\/www.facebook.com\/profile.php?id=100063655864353\" \/>\n<meta property=\"article:modified_time\" content=\"2023-05-31T13:29:05+00:00\" \/>\n<meta property=\"og:image\" content=\"https:\/\/www.alpha-graechen.ch\/wp-content\/uploads\/2023\/02\/rita-kurt-schibler-schnidrig-1024x768.jpg\" \/>\n<meta name=\"twitter:card\" content=\"summary_large_image\" \/>\n<meta name=\"twitter:label1\" content=\"Dur\u00e9e de lecture estim\u00e9e\" \/>\n\t<meta name=\"twitter:data1\" content=\"1 minute\" \/>\n<script type=\"application\/ld+json\" class=\"yoast-schema-graph\">{\"@context\":\"https:\\\/\\\/schema.org\",\"@graph\":[{\"@type\":\"WebPage\",\"@id\":\"https:\\\/\\\/www.alpha-graechen.ch\\\/fr\\\/contact-hotel-alpha-graechen\\\/\",\"url\":\"https:\\\/\\\/www.alpha-graechen.ch\\\/fr\\\/contact-hotel-alpha-graechen\\\/\",\"name\":\"Contact H\u00f4tel Alpha Gr\u00e4chen - Hotel Alpha in Gr\u00e4chen - Drei Sterne und ideal gelegen!\",\"isPartOf\":{\"@id\":\"https:\\\/\\\/wp.alpha-graechen.ch\\\/#website\"},\"primaryImageOfPage\":{\"@id\":\"https:\\\/\\\/www.alpha-graechen.ch\\\/fr\\\/contact-hotel-alpha-graechen\\\/#primaryimage\"},\"image\":{\"@id\":\"https:\\\/\\\/www.alpha-graechen.ch\\\/fr\\\/contact-hotel-alpha-graechen\\\/#primaryimage\"},\"thumbnailUrl\":\"https:\\\/\\\/www.alpha-graechen.ch\\\/wp-content\\\/uploads\\\/2023\\\/02\\\/rita-kurt-schibler-schnidrig-1024x768.jpg\",\"datePublished\":\"2023-02-09T13:50:21+00:00\",\"dateModified\":\"2023-05-31T13:29:05+00:00\",\"breadcrumb\":{\"@id\":\"https:\\\/\\\/www.alpha-graechen.ch\\\/fr\\\/contact-hotel-alpha-graechen\\\/#breadcrumb\"},\"inLanguage\":\"fr-FR\",\"potentialAction\":[{\"@type\":\"ReadAction\",\"target\":[\"https:\\\/\\\/www.alpha-graechen.ch\\\/fr\\\/contact-hotel-alpha-graechen\\\/\"]}]},{\"@type\":\"ImageObject\",\"inLanguage\":\"fr-FR\",\"@id\":\"https:\\\/\\\/www.alpha-graechen.ch\\\/fr\\\/contact-hotel-alpha-graechen\\\/#primaryimage\",\"url\":\"https:\\\/\\\/www.alpha-graechen.ch\\\/wp-content\\\/uploads\\\/2023\\\/02\\\/rita-kurt-schibler-schnidrig-1024x768.jpg\",\"contentUrl\":\"https:\\\/\\\/www.alpha-graechen.ch\\\/wp-content\\\/uploads\\\/2023\\\/02\\\/rita-kurt-schibler-schnidrig-1024x768.jpg\"},{\"@type\":\"BreadcrumbList\",\"@id\":\"https:\\\/\\\/www.alpha-graechen.ch\\\/fr\\\/contact-hotel-alpha-graechen\\\/#breadcrumb\",\"itemListElement\":[{\"@type\":\"ListItem\",\"position\":1,\"name\":\"Startseite\",\"item\":\"https:\\\/\\\/www.alpha-graechen.ch\\\/fr\\\/\"},{\"@type\":\"ListItem\",\"position\":2,\"name\":\"Contact H\u00f4tel Alpha Gr\u00e4chen\"}]},{\"@type\":\"WebSite\",\"@id\":\"https:\\\/\\\/wp.alpha-graechen.ch\\\/#website\",\"url\":\"https:\\\/\\\/wp.alpha-graechen.ch\\\/\",\"name\":\"Hotel Alpha in Gr\u00e4chen - Drei Sterne und ideal gelegen!\",\"description\":\"\",\"publisher\":{\"@id\":\"https:\\\/\\\/wp.alpha-graechen.ch\\\/#organization\"},\"potentialAction\":[{\"@type\":\"SearchAction\",\"target\":{\"@type\":\"EntryPoint\",\"urlTemplate\":\"https:\\\/\\\/wp.alpha-graechen.ch\\\/?s={search_term_string}\"},\"query-input\":{\"@type\":\"PropertyValueSpecification\",\"valueRequired\":true,\"valueName\":\"search_term_string\"}}],\"inLanguage\":\"fr-FR\"},{\"@type\":\"Organization\",\"@id\":\"https:\\\/\\\/wp.alpha-graechen.ch\\\/#organization\",\"name\":\"Hotel Alpha AG\",\"url\":\"https:\\\/\\\/wp.alpha-graechen.ch\\\/\",\"logo\":{\"@type\":\"ImageObject\",\"inLanguage\":\"fr-FR\",\"@id\":\"https:\\\/\\\/wp.alpha-graechen.ch\\\/#\\\/schema\\\/logo\\\/image\\\/\",\"url\":\"https:\\\/\\\/www.alpha-graechen.ch\\\/wp-content\\\/uploads\\\/2023\\\/02\\\/hotel-alpha-logo-graechen.svg\",\"contentUrl\":\"https:\\\/\\\/www.alpha-graechen.ch\\\/wp-content\\\/uploads\\\/2023\\\/02\\\/hotel-alpha-logo-graechen.svg\",\"width\":\"1024\",\"height\":\"1024\",\"caption\":\"Hotel Alpha AG\"},\"image\":{\"@id\":\"https:\\\/\\\/wp.alpha-graechen.ch\\\/#\\\/schema\\\/logo\\\/image\\\/\"},\"sameAs\":[\"https:\\\/\\\/www.facebook.com\\\/profile.php?id=100063655864353\"]}]}<\/script>\n<!-- \/ Yoast SEO plugin. -->","yoast_head_json":{"title":"Contact H\u00f4tel Alpha Gr\u00e4chen - Hotel Alpha in Gr\u00e4chen - Drei Sterne und ideal gelegen!","robots":{"index":"index","follow":"follow","max-snippet":"max-snippet:-1","max-image-preview":"max-image-preview:large","max-video-preview":"max-video-preview:-1"},"canonical":"https:\/\/www.alpha-graechen.ch\/fr\/contact-hotel-alpha-graechen\/","og_locale":"fr_FR","og_type":"article","og_title":"Contact H\u00f4tel Alpha Gr\u00e4chen - Hotel Alpha in Gr\u00e4chen - Drei Sterne und ideal gelegen!","og_description":"Vos h\u00f4tes \u00e0 Gr\u00e4chen Rita et Kurt Schibler - Schnidrig se r\u00e9jouissent de vous accueillir !","og_url":"https:\/\/www.alpha-graechen.ch\/fr\/contact-hotel-alpha-graechen\/","og_site_name":"Hotel Alpha in Gr\u00e4chen - Drei Sterne und ideal gelegen!","article_publisher":"https:\/\/www.facebook.com\/profile.php?id=100063655864353","article_modified_time":"2023-05-31T13:29:05+00:00","og_image":[{"url":"https:\/\/www.alpha-graechen.ch\/wp-content\/uploads\/2023\/02\/rita-kurt-schibler-schnidrig-1024x768.jpg","type":"","width":"","height":""}],"twitter_card":"summary_large_image","twitter_misc":{"Dur\u00e9e de lecture estim\u00e9e":"1 minute"},"schema":{"@context":"https:\/\/schema.org","@graph":[{"@type":"WebPage","@id":"https:\/\/www.alpha-graechen.ch\/fr\/contact-hotel-alpha-graechen\/","url":"https:\/\/www.alpha-graechen.ch\/fr\/contact-hotel-alpha-graechen\/","name":"Contact H\u00f4tel Alpha Gr\u00e4chen - Hotel Alpha in Gr\u00e4chen - Drei Sterne und ideal gelegen!","isPartOf":{"@id":"https:\/\/wp.alpha-graechen.ch\/#website"},"primaryImageOfPage":{"@id":"https:\/\/www.alpha-graechen.ch\/fr\/contact-hotel-alpha-graechen\/#primaryimage"},"image":{"@id":"https:\/\/www.alpha-graechen.ch\/fr\/contact-hotel-alpha-graechen\/#primaryimage"},"thumbnailUrl":"https:\/\/www.alpha-graechen.ch\/wp-content\/uploads\/2023\/02\/rita-kurt-schibler-schnidrig-1024x768.jpg","datePublished":"2023-02-09T13:50:21+00:00","dateModified":"2023-05-31T13:29:05+00:00","breadcrumb":{"@id":"https:\/\/www.alpha-graechen.ch\/fr\/contact-hotel-alpha-graechen\/#breadcrumb"},"inLanguage":"fr-FR","potentialAction":[{"@type":"ReadAction","target":["https:\/\/www.alpha-graechen.ch\/fr\/contact-hotel-alpha-graechen\/"]}]},{"@type":"ImageObject","inLanguage":"fr-FR","@id":"https:\/\/www.alpha-graechen.ch\/fr\/contact-hotel-alpha-graechen\/#primaryimage","url":"https:\/\/www.alpha-graechen.ch\/wp-content\/uploads\/2023\/02\/rita-kurt-schibler-schnidrig-1024x768.jpg","contentUrl":"https:\/\/www.alpha-graechen.ch\/wp-content\/uploads\/2023\/02\/rita-kurt-schibler-schnidrig-1024x768.jpg"},{"@type":"BreadcrumbList","@id":"https:\/\/www.alpha-graechen.ch\/fr\/contact-hotel-alpha-graechen\/#breadcrumb","itemListElement":[{"@type":"ListItem","position":1,"name":"Startseite","item":"https:\/\/www.alpha-graechen.ch\/fr\/"},{"@type":"ListItem","position":2,"name":"Contact H\u00f4tel Alpha Gr\u00e4chen"}]},{"@type":"WebSite","@id":"https:\/\/wp.alpha-graechen.ch\/#website","url":"https:\/\/wp.alpha-graechen.ch\/","name":"Hotel Alpha in Gr\u00e4chen - Drei Sterne und ideal gelegen!","description":"","publisher":{"@id":"https:\/\/wp.alpha-graechen.ch\/#organization"},"potentialAction":[{"@type":"SearchAction","target":{"@type":"EntryPoint","urlTemplate":"https:\/\/wp.alpha-graechen.ch\/?s={search_term_string}"},"query-input":{"@type":"PropertyValueSpecification","valueRequired":true,"valueName":"search_term_string"}}],"inLanguage":"fr-FR"},{"@type":"Organization","@id":"https:\/\/wp.alpha-graechen.ch\/#organization","name":"Hotel Alpha AG","url":"https:\/\/wp.alpha-graechen.ch\/","logo":{"@type":"ImageObject","inLanguage":"fr-FR","@id":"https:\/\/wp.alpha-graechen.ch\/#\/schema\/logo\/image\/","url":"https:\/\/www.alpha-graechen.ch\/wp-content\/uploads\/2023\/02\/hotel-alpha-logo-graechen.svg","contentUrl":"https:\/\/www.alpha-graechen.ch\/wp-content\/uploads\/2023\/02\/hotel-alpha-logo-graechen.svg","width":"1024","height":"1024","caption":"Hotel Alpha AG"},"image":{"@id":"https:\/\/wp.alpha-graechen.ch\/#\/schema\/logo\/image\/"},"sameAs":["https:\/\/www.facebook.com\/profile.php?id=100063655864353"]}]}},"uagb_featured_image_src":{"full":false,"thumbnail":false,"medium":false,"medium_large":false,"large":false,"1536x1536":false,"2048x2048":false},"uagb_author_info":{"display_name":"admin","author_link":"https:\/\/www.alpha-graechen.ch\/fr\/author\/adminischteralp\/"},"uagb_comment_info":0,"uagb_excerpt":"Vos h\u00f4tes \u00e0 Gr\u00e4chen Rita et Kurt Schibler - Schnidrig se r\u00e9jouissent de vous accueillir !","_links":{"self":[{"href":"https:\/\/www.alpha-graechen.ch\/fr\/wp-json\/wp\/v2\/pages\/647","targetHints":{"allow":["GET"]}}],"collection":[{"href":"https:\/\/www.alpha-graechen.ch\/fr\/wp-json\/wp\/v2\/pages"}],"about":[{"href":"https:\/\/www.alpha-graechen.ch\/fr\/wp-json\/wp\/v2\/types\/page"}],"author":[{"embeddable":true,"href":"https:\/\/www.alpha-graechen.ch\/fr\/wp-json\/wp\/v2\/users\/1"}],"replies":[{"embeddable":true,"href":"https:\/\/www.alpha-graechen.ch\/fr\/wp-json\/wp\/v2\/comments?post=647"}],"version-history":[{"count":11,"href":"https:\/\/www.alpha-graechen.ch\/fr\/wp-json\/wp\/v2\/pages\/647\/revisions"}],"predecessor-version":[{"id":869,"href":"https:\/\/www.alpha-graechen.ch\/fr\/wp-json\/wp\/v2\/pages\/647\/revisions\/869"}],"wp:attachment":[{"href":"https:\/\/www.alpha-graechen.ch\/fr\/wp-json\/wp\/v2\/media?parent=647"}],"curies":[{"name":"wp","href":"https:\/\/api.w.org\/{rel}","templated":true}]}}