{"id":651,"date":"2023-02-08T17:32:01","date_gmt":"2023-02-08T17:32:01","guid":{"rendered":"https:\/\/www.alpha-graechen.ch\/actualites-forfaits-de-graechen\/"},"modified":"2023-05-31T13:29:20","modified_gmt":"2023-05-31T13:29:20","slug":"actualites-forfaits-de-graechen","status":"publish","type":"page","link":"https:\/\/www.alpha-graechen.ch\/fr\/actualites-forfaits-de-graechen\/","title":{"rendered":"Actualit\u00e9s, forfaits de Gr\u00e4chen"},"content":{"rendered":"\n<div class=\"wp-block-uagb-container uagb-block-f90af71a alignfull uagb-is-root-container\"><div class=\"uagb-container-inner-blocks-wrap\"><h1 class=\"wp-block-post-title\">Actualit\u00e9s, forfaits de Gr\u00e4chen<\/h1><\/div><\/div>\n\n<div class=\"wp-block-uagb-container uagb-block-09bf3c45 alignfull uagb-is-root-container\"><div class=\"uagb-container-inner-blocks-wrap\">\n\t\t\t<div class=\"wp-block-uagb-post-grid uagb-post-grid  uagb-post__image-position-top uagb-post__image-disabled uagb-block-18277575     uagb-post__items uagb-post__columns-3 is-grid uagb-post__columns-tablet-2 uagb-post__columns-mobile-1 uagb-post__equal-height\" data-total=\"1\" style=\"\">\n\n\t\t\t\t\t\t\t\t\t\t\t\t<article class=\"uagb-post__inner-wrap\">\t\t\t\t\t\t\t\t<h2 class=\"uagb-post__title uagb-post__text\">\n\t\t\t\t<a href=\"https:\/\/www.alpha-graechen.ch\/fr\/aventure-a-velo\/\" target=\"_self\" rel=\"bookmark noopener noreferrer\">Aventure \u00e0 v\u00e9lo !<\/a>\n\t\t\t<\/h2>\n\t\t\t\t\t\t<div class='uagb-post__text uagb-post-grid-byline'>\n\t\t\t\t\t\t\t<\/div>\n\t\t\t\t\t\t\t<div class='uagb-post__text uagb-post__excerpt'>\n\t\t\t\t\t<p>H\u00f4tel Alpha Gr\u00e4chen : Votre h\u00e9bergement pour de v\u00e9ritables aventures \u00e0 v\u00e9lo ! Le village...\t\t\t\t<\/div>\n\t\t\t\t\t\t<div class=\"uagb-post__text uagb-post__cta wp-block-button\">\n\t\t\t\t<a class=\"wp-block-button__link uagb-text-link\" style=\"\" href=\"https:\/\/www.alpha-graechen.ch\/fr\/aventure-a-velo\/\" target=\"_self\" rel=\"bookmark noopener noreferrer\">Lire la suite<\/a>\n\t\t\t<\/div>\n\t\t\t\n\t\t\t\t\t\t\t\t\t<\/article>\n\t\t\t\t\t\t\t\t\t\t\t\t\t\t\t\t<article class=\"uagb-post__inner-wrap\">\t\t\t\t\t\t\t\t<h2 class=\"uagb-post__title uagb-post__text\">\n\t\t\t\t<a href=\"https:\/\/www.alpha-graechen.ch\/fr\/notre-hotel-jardin\/\" target=\"_self\" rel=\"bookmark noopener noreferrer\">Notre h\u00f4tel Jardin<\/a>\n\t\t\t<\/h2>\n\t\t\t\t\t\t<div class='uagb-post__text uagb-post-grid-byline'>\n\t\t\t\t\t\t\t<\/div>\n\t\t\t\t\t\t\t<div class='uagb-post__text uagb-post__excerpt'>\n\t\t\t\t\t<p>D\u00e9tente pour les parents, jeux pour les enfants \u00e0 Gr\u00e4chen. Notre grande pelouse avec salon...\t\t\t\t<\/div>\n\t\t\t\t\t\t<div class=\"uagb-post__text uagb-post__cta wp-block-button\">\n\t\t\t\t<a class=\"wp-block-button__link uagb-text-link\" style=\"\" href=\"https:\/\/www.alpha-graechen.ch\/fr\/notre-hotel-jardin\/\" target=\"_self\" rel=\"bookmark noopener noreferrer\">Lire la suite<\/a>\n\t\t\t<\/div>\n\t\t\t\n\t\t\t\t\t\t\t\t\t<\/article>\n\t\t\t\t\t\t\t\t\t\t\t\t\t\t\t\t<article class=\"uagb-post__inner-wrap\">\t\t\t\t\t\t\t\t<h2 class=\"uagb-post__title uagb-post__text\">\n\t\t\t\t<a href=\"https:\/\/www.alpha-graechen.ch\/fr\/semaines-des-plaisirs-de-la-neige\/\" target=\"_self\" rel=\"bookmark noopener noreferrer\">Semaines des plaisirs de la neige<\/a>\n\t\t\t<\/h2>\n\t\t\t\t\t\t<div class='uagb-post__text uagb-post-grid-byline'>\n\t\t\t\t\t\t\t<\/div>\n\t\t\t\t\t\t\t<div class='uagb-post__text uagb-post__excerpt'>\n\t\t\t\t\t<p>7 nuits, y compris Forfait de ski pour 6 jours et \u00e9cole de ski Petit...\t\t\t\t<\/div>\n\t\t\t\t\t\t<div class=\"uagb-post__text uagb-post__cta wp-block-button\">\n\t\t\t\t<a class=\"wp-block-button__link uagb-text-link\" style=\"\" href=\"https:\/\/www.alpha-graechen.ch\/fr\/semaines-des-plaisirs-de-la-neige\/\" target=\"_self\" rel=\"bookmark noopener noreferrer\">Lire la suite<\/a>\n\t\t\t<\/div>\n\t\t\t\n\t\t\t\t\t\t\t\t\t<\/article>\n\t\t\t\t\t\t\t\t\t\t\t\t\t\t\t\t<article class=\"uagb-post__inner-wrap\">\t\t\t\t\t\t\t\t<h2 class=\"uagb-post__title uagb-post__text\">\n\t\t\t\t<a href=\"https:\/\/www.alpha-graechen.ch\/fr\/ski-et-3-nuits\/\" target=\"_self\" rel=\"bookmark noopener noreferrer\">Ski et 3 nuits<\/a>\n\t\t\t<\/h2>\n\t\t\t\t\t\t<div class='uagb-post__text uagb-post-grid-byline'>\n\t\t\t\t\t\t\t<\/div>\n\t\t\t\t\t\t\t<div class='uagb-post__text uagb-post__excerpt'>\n\t\t\t\t\t<p>3 nuits, y compris Forfait de ski pour 2 jours en janvier, mars, avril. Petit...\t\t\t\t<\/div>\n\t\t\t\t\t\t<div class=\"uagb-post__text uagb-post__cta wp-block-button\">\n\t\t\t\t<a class=\"wp-block-button__link uagb-text-link\" style=\"\" href=\"https:\/\/www.alpha-graechen.ch\/fr\/ski-et-3-nuits\/\" target=\"_self\" rel=\"bookmark noopener noreferrer\">Lire la suite<\/a>\n\t\t\t<\/div>\n\t\t\t\n\t\t\t\t\t\t\t\t\t<\/article>\n\t\t\t\t\t\t\t\t\t\t\t\t\t\t\t\t<article class=\"uagb-post__inner-wrap\">\t\t\t\t\t\t\t\t<h2 class=\"uagb-post__title uagb-post__text\">\n\t\t\t\t<a href=\"https:\/\/www.alpha-graechen.ch\/fr\/ski-et-5-nuits\/\" target=\"_self\" rel=\"bookmark noopener noreferrer\">Ski et 5 nuits<\/a>\n\t\t\t<\/h2>\n\t\t\t\t\t\t<div class='uagb-post__text uagb-post-grid-byline'>\n\t\t\t\t\t\t\t<\/div>\n\t\t\t\t\t\t\t<div class='uagb-post__text uagb-post__excerpt'>\n\t\t\t\t\t<p>5 nuits, y compris Forfait de ski pour 4 jours en janvier, mars, avril. Petit...\t\t\t\t<\/div>\n\t\t\t\t\t\t<div class=\"uagb-post__text uagb-post__cta wp-block-button\">\n\t\t\t\t<a class=\"wp-block-button__link uagb-text-link\" style=\"\" href=\"https:\/\/www.alpha-graechen.ch\/fr\/ski-et-5-nuits\/\" target=\"_self\" rel=\"bookmark noopener noreferrer\">Lire la suite<\/a>\n\t\t\t<\/div>\n\t\t\t\n\t\t\t\t\t\t\t\t\t<\/article>\n\t\t\t\t\t\t\t\t\t\t\t\t\t\t\t\t<article class=\"uagb-post__inner-wrap\">\t\t\t\t\t\t\t\t<h2 class=\"uagb-post__title uagb-post__text\">\n\t\t\t\t<a href=\"https:\/\/www.alpha-graechen.ch\/fr\/ski-et-7-nuits\/\" target=\"_self\" rel=\"bookmark noopener noreferrer\">Ski et 7 nuits<\/a>\n\t\t\t<\/h2>\n\t\t\t\t\t\t<div class='uagb-post__text uagb-post-grid-byline'>\n\t\t\t\t\t\t\t<\/div>\n\t\t\t\t\t\t\t<div class='uagb-post__text uagb-post__excerpt'>\n\t\t\t\t\t<p>7 nuits, y compris Forfait de ski pour 6 jours en janvier, mars, avril. Petit...\t\t\t\t<\/div>\n\t\t\t\t\t\t<div class=\"uagb-post__text uagb-post__cta wp-block-button\">\n\t\t\t\t<a class=\"wp-block-button__link uagb-text-link\" style=\"\" href=\"https:\/\/www.alpha-graechen.ch\/fr\/ski-et-7-nuits\/\" target=\"_self\" rel=\"bookmark noopener noreferrer\">Lire la suite<\/a>\n\t\t\t<\/div>\n\t\t\t\n\t\t\t\t\t\t\t\t\t<\/article>\n\t\t\t\t\t\t\t\t\t\t\t<\/div>\n\t\t\t<\/div><\/div>\n\n<div class=\"wp-block-uagb-container uagb-block-b6b7677d alignfull uagb-is-root-container\"><div class=\"uagb-container-inner-blocks-wrap\">\n<div class=\"wp-block-uagb-container uagb-block-fc1285ff\">\n<h2 class=\"wp-block-heading has-central-palette-7-color has-text-color\">Foire aux questions<\/h2>\n\n\n\n<p class=\"has-central-palette-7-color has-text-color\">  Arriv\u00e9e avec les enfants, check-in \/ check-out de l'h\u00f4tel, etc.<\/p>\n<\/div>\n\n\n\n<div class=\"wp-block-uagb-container uagb-block-6c8e1906\">\n<div style=\"height:25px\" aria-hidden=\"true\" class=\"wp-block-spacer uag-hide-mob\"><\/div>\n\n\n\n<div class=\"wp-block-buttons is-content-justification-right is-layout-flex wp-container-core-buttons-is-layout-d445cf74 wp-block-buttons-is-layout-flex\">\n<div class=\"wp-block-button\"><a class=\"wp-block-button__link has-central-palette-9-color has-central-palette-3-background-color has-text-color has-background wp-element-button\" href=\"https:\/\/www.alpha-graechen.ch\/fr\/foire-aux-questions\/\" style=\"border-radius:3px\">Lire la FAQ<\/a><\/div>\n<\/div>\n<\/div>\n<\/div><\/div>\n\n<div class=\"wp-block-uagb-container uagb-block-9cd24254 alignfull uagb-is-root-container\"><div class=\"uagb-container-inner-blocks-wrap\">\n<div class=\"wp-block-uagb-container uagb-block-10262b9b\">\n<h2 class=\"wp-block-heading\">R\u00e9server avec avantage<\/h2>\n\n\n\n<p>En seulement 2 minutes et seulement ici avec WLAN gratuit, CHF 5.00 de r\u00e9duction par personne et par nuit sur le prix de la chambre \u00e0 l'h\u00f4tel Alpha Gr\u00e4chen<\/p>\n<\/div>\n\n\n\n<div class=\"wp-block-uagb-container uagb-block-e34f0571\">\n<div style=\"height:25px\" aria-hidden=\"true\" class=\"wp-block-spacer uag-hide-mob\"><\/div>\n\n\n\n<div class=\"wp-block-buttons is-content-justification-right is-layout-flex wp-container-core-buttons-is-layout-d445cf74 wp-block-buttons-is-layout-flex\">\n<div class=\"wp-block-button\"><a class=\"wp-block-button__link has-central-palette-9-color has-central-palette-3-background-color has-text-color has-background wp-element-button\" href=\"https:\/\/www.alpha-graechen.ch\/fr\/chambre-dhotel-verifier-la-disponibilite\/\" style=\"border-radius:3px\">V\u00e9rifier la disponibilit\u00e9<\/a><\/div>\n<\/div>\n<\/div>\n<\/div><\/div>\n","protected":false},"excerpt":{"rendered":"<p>Foire aux questions Arriv\u00e9e avec les enfants, check-in \/ check-out de l'h\u00f4tel, etc. R\u00e9server avec avantage En seulement 2 minutes et seulement ici avec WLAN gratuit, CHF 5.00 de r\u00e9duction par personne et par nuit sur le prix de la chambre \u00e0 l'h\u00f4tel Alpha Gr\u00e4chen<\/p>\n","protected":false},"author":1,"featured_media":0,"parent":0,"menu_order":0,"comment_status":"closed","ping_status":"closed","template":"","meta":{"inline_featured_image":false,"_uag_custom_page_level_css":"","footnotes":""},"class_list":["post-651","page","type-page","status-publish","hentry"],"yoast_head":"<!-- This site is optimized with the Yoast SEO plugin v27.3 - https:\/\/yoast.com\/product\/yoast-seo-wordpress\/ -->\n<title>Nouveaut\u00e9s de Gr\u00e4chen et forfaits h\u00f4teliers<\/title>\n<meta name=\"description\" content=\"L&#039;h\u00f4tel Alpha propose des forfaits incluant les forfaits de ski. De plus, cette page pr\u00e9sente les actualit\u00e9s concernant l&#039;h\u00f4tel et Gr\u00e4chen.\" \/>\n<meta name=\"robots\" content=\"index, follow, max-snippet:-1, max-image-preview:large, max-video-preview:-1\" \/>\n<link rel=\"canonical\" href=\"https:\/\/www.alpha-graechen.ch\/fr\/actualites-forfaits-de-graechen\/\" \/>\n<meta property=\"og:locale\" content=\"fr_FR\" \/>\n<meta property=\"og:type\" content=\"article\" \/>\n<meta property=\"og:title\" content=\"Nouveaut\u00e9s de Gr\u00e4chen et forfaits h\u00f4teliers\" \/>\n<meta property=\"og:description\" content=\"L&#039;h\u00f4tel Alpha propose des forfaits incluant les forfaits de ski. De plus, cette page pr\u00e9sente les actualit\u00e9s concernant l&#039;h\u00f4tel et Gr\u00e4chen.\" \/>\n<meta property=\"og:url\" content=\"https:\/\/www.alpha-graechen.ch\/fr\/actualites-forfaits-de-graechen\/\" \/>\n<meta property=\"og:site_name\" content=\"Hotel Alpha in Gr\u00e4chen - Drei Sterne und ideal gelegen!\" \/>\n<meta property=\"article:publisher\" content=\"https:\/\/www.facebook.com\/profile.php?id=100063655864353\" \/>\n<meta property=\"article:modified_time\" content=\"2023-05-31T13:29:20+00:00\" \/>\n<meta name=\"twitter:card\" content=\"summary_large_image\" \/>\n<meta name=\"twitter:label1\" content=\"Dur\u00e9e de lecture estim\u00e9e\" \/>\n\t<meta name=\"twitter:data1\" content=\"1 minute\" \/>\n<script type=\"application\/ld+json\" class=\"yoast-schema-graph\">{\"@context\":\"https:\\\/\\\/schema.org\",\"@graph\":[{\"@type\":\"WebPage\",\"@id\":\"https:\\\/\\\/www.alpha-graechen.ch\\\/fr\\\/actualites-forfaits-de-graechen\\\/\",\"url\":\"https:\\\/\\\/www.alpha-graechen.ch\\\/fr\\\/actualites-forfaits-de-graechen\\\/\",\"name\":\"Nouveaut\u00e9s de Gr\u00e4chen et forfaits h\u00f4teliers\",\"isPartOf\":{\"@id\":\"https:\\\/\\\/wp.alpha-graechen.ch\\\/#website\"},\"datePublished\":\"2023-02-08T17:32:01+00:00\",\"dateModified\":\"2023-05-31T13:29:20+00:00\",\"description\":\"L'h\u00f4tel Alpha propose des forfaits incluant les forfaits de ski. De plus, cette page pr\u00e9sente les actualit\u00e9s concernant l'h\u00f4tel et Gr\u00e4chen.\",\"breadcrumb\":{\"@id\":\"https:\\\/\\\/www.alpha-graechen.ch\\\/fr\\\/actualites-forfaits-de-graechen\\\/#breadcrumb\"},\"inLanguage\":\"fr-FR\",\"potentialAction\":[{\"@type\":\"ReadAction\",\"target\":[\"https:\\\/\\\/www.alpha-graechen.ch\\\/fr\\\/actualites-forfaits-de-graechen\\\/\"]}]},{\"@type\":\"BreadcrumbList\",\"@id\":\"https:\\\/\\\/www.alpha-graechen.ch\\\/fr\\\/actualites-forfaits-de-graechen\\\/#breadcrumb\",\"itemListElement\":[{\"@type\":\"ListItem\",\"position\":1,\"name\":\"Startseite\",\"item\":\"https:\\\/\\\/www.alpha-graechen.ch\\\/fr\\\/\"},{\"@type\":\"ListItem\",\"position\":2,\"name\":\"Actualit\u00e9s, forfaits de Gr\u00e4chen\"}]},{\"@type\":\"WebSite\",\"@id\":\"https:\\\/\\\/wp.alpha-graechen.ch\\\/#website\",\"url\":\"https:\\\/\\\/wp.alpha-graechen.ch\\\/\",\"name\":\"Hotel Alpha in Gr\u00e4chen - Drei Sterne und ideal gelegen!\",\"description\":\"\",\"publisher\":{\"@id\":\"https:\\\/\\\/wp.alpha-graechen.ch\\\/#organization\"},\"potentialAction\":[{\"@type\":\"SearchAction\",\"target\":{\"@type\":\"EntryPoint\",\"urlTemplate\":\"https:\\\/\\\/wp.alpha-graechen.ch\\\/?s={search_term_string}\"},\"query-input\":{\"@type\":\"PropertyValueSpecification\",\"valueRequired\":true,\"valueName\":\"search_term_string\"}}],\"inLanguage\":\"fr-FR\"},{\"@type\":\"Organization\",\"@id\":\"https:\\\/\\\/wp.alpha-graechen.ch\\\/#organization\",\"name\":\"Hotel Alpha AG\",\"url\":\"https:\\\/\\\/wp.alpha-graechen.ch\\\/\",\"logo\":{\"@type\":\"ImageObject\",\"inLanguage\":\"fr-FR\",\"@id\":\"https:\\\/\\\/wp.alpha-graechen.ch\\\/#\\\/schema\\\/logo\\\/image\\\/\",\"url\":\"https:\\\/\\\/www.alpha-graechen.ch\\\/wp-content\\\/uploads\\\/2023\\\/02\\\/hotel-alpha-logo-graechen.svg\",\"contentUrl\":\"https:\\\/\\\/www.alpha-graechen.ch\\\/wp-content\\\/uploads\\\/2023\\\/02\\\/hotel-alpha-logo-graechen.svg\",\"width\":\"1024\",\"height\":\"1024\",\"caption\":\"Hotel Alpha AG\"},\"image\":{\"@id\":\"https:\\\/\\\/wp.alpha-graechen.ch\\\/#\\\/schema\\\/logo\\\/image\\\/\"},\"sameAs\":[\"https:\\\/\\\/www.facebook.com\\\/profile.php?id=100063655864353\"]}]}<\/script>\n<!-- \/ Yoast SEO plugin. -->","yoast_head_json":{"title":"Nouveaut\u00e9s de Gr\u00e4chen et forfaits h\u00f4teliers","description":"L'h\u00f4tel Alpha propose des forfaits incluant les forfaits de ski. De plus, cette page pr\u00e9sente les actualit\u00e9s concernant l'h\u00f4tel et Gr\u00e4chen.","robots":{"index":"index","follow":"follow","max-snippet":"max-snippet:-1","max-image-preview":"max-image-preview:large","max-video-preview":"max-video-preview:-1"},"canonical":"https:\/\/www.alpha-graechen.ch\/fr\/actualites-forfaits-de-graechen\/","og_locale":"fr_FR","og_type":"article","og_title":"Nouveaut\u00e9s de Gr\u00e4chen et forfaits h\u00f4teliers","og_description":"L'h\u00f4tel Alpha propose des forfaits incluant les forfaits de ski. De plus, cette page pr\u00e9sente les actualit\u00e9s concernant l'h\u00f4tel et Gr\u00e4chen.","og_url":"https:\/\/www.alpha-graechen.ch\/fr\/actualites-forfaits-de-graechen\/","og_site_name":"Hotel Alpha in Gr\u00e4chen - Drei Sterne und ideal gelegen!","article_publisher":"https:\/\/www.facebook.com\/profile.php?id=100063655864353","article_modified_time":"2023-05-31T13:29:20+00:00","twitter_card":"summary_large_image","twitter_misc":{"Dur\u00e9e de lecture estim\u00e9e":"1 minute"},"schema":{"@context":"https:\/\/schema.org","@graph":[{"@type":"WebPage","@id":"https:\/\/www.alpha-graechen.ch\/fr\/actualites-forfaits-de-graechen\/","url":"https:\/\/www.alpha-graechen.ch\/fr\/actualites-forfaits-de-graechen\/","name":"Nouveaut\u00e9s de Gr\u00e4chen et forfaits h\u00f4teliers","isPartOf":{"@id":"https:\/\/wp.alpha-graechen.ch\/#website"},"datePublished":"2023-02-08T17:32:01+00:00","dateModified":"2023-05-31T13:29:20+00:00","description":"L'h\u00f4tel Alpha propose des forfaits incluant les forfaits de ski. De plus, cette page pr\u00e9sente les actualit\u00e9s concernant l'h\u00f4tel et Gr\u00e4chen.","breadcrumb":{"@id":"https:\/\/www.alpha-graechen.ch\/fr\/actualites-forfaits-de-graechen\/#breadcrumb"},"inLanguage":"fr-FR","potentialAction":[{"@type":"ReadAction","target":["https:\/\/www.alpha-graechen.ch\/fr\/actualites-forfaits-de-graechen\/"]}]},{"@type":"BreadcrumbList","@id":"https:\/\/www.alpha-graechen.ch\/fr\/actualites-forfaits-de-graechen\/#breadcrumb","itemListElement":[{"@type":"ListItem","position":1,"name":"Startseite","item":"https:\/\/www.alpha-graechen.ch\/fr\/"},{"@type":"ListItem","position":2,"name":"Actualit\u00e9s, forfaits de Gr\u00e4chen"}]},{"@type":"WebSite","@id":"https:\/\/wp.alpha-graechen.ch\/#website","url":"https:\/\/wp.alpha-graechen.ch\/","name":"Hotel Alpha in Gr\u00e4chen - Drei Sterne und ideal gelegen!","description":"","publisher":{"@id":"https:\/\/wp.alpha-graechen.ch\/#organization"},"potentialAction":[{"@type":"SearchAction","target":{"@type":"EntryPoint","urlTemplate":"https:\/\/wp.alpha-graechen.ch\/?s={search_term_string}"},"query-input":{"@type":"PropertyValueSpecification","valueRequired":true,"valueName":"search_term_string"}}],"inLanguage":"fr-FR"},{"@type":"Organization","@id":"https:\/\/wp.alpha-graechen.ch\/#organization","name":"Hotel Alpha AG","url":"https:\/\/wp.alpha-graechen.ch\/","logo":{"@type":"ImageObject","inLanguage":"fr-FR","@id":"https:\/\/wp.alpha-graechen.ch\/#\/schema\/logo\/image\/","url":"https:\/\/www.alpha-graechen.ch\/wp-content\/uploads\/2023\/02\/hotel-alpha-logo-graechen.svg","contentUrl":"https:\/\/www.alpha-graechen.ch\/wp-content\/uploads\/2023\/02\/hotel-alpha-logo-graechen.svg","width":"1024","height":"1024","caption":"Hotel Alpha AG"},"image":{"@id":"https:\/\/wp.alpha-graechen.ch\/#\/schema\/logo\/image\/"},"sameAs":["https:\/\/www.facebook.com\/profile.php?id=100063655864353"]}]}},"uagb_featured_image_src":{"full":false,"thumbnail":false,"medium":false,"medium_large":false,"large":false,"1536x1536":false,"2048x2048":false},"uagb_author_info":{"display_name":"admin","author_link":"https:\/\/www.alpha-graechen.ch\/fr\/author\/adminischteralp\/"},"uagb_comment_info":0,"uagb_excerpt":"Foire aux questions Arriv\u00e9e avec les enfants, check-in \/ check-out de l'h\u00f4tel, etc. R\u00e9server avec avantage En seulement 2 minutes et seulement ici avec WLAN gratuit, CHF 5.00 de r\u00e9duction par personne et par nuit sur le prix de la chambre \u00e0 l'h\u00f4tel Alpha Gr\u00e4chen","_links":{"self":[{"href":"https:\/\/www.alpha-graechen.ch\/fr\/wp-json\/wp\/v2\/pages\/651","targetHints":{"allow":["GET"]}}],"collection":[{"href":"https:\/\/www.alpha-graechen.ch\/fr\/wp-json\/wp\/v2\/pages"}],"about":[{"href":"https:\/\/www.alpha-graechen.ch\/fr\/wp-json\/wp\/v2\/types\/page"}],"author":[{"embeddable":true,"href":"https:\/\/www.alpha-graechen.ch\/fr\/wp-json\/wp\/v2\/users\/1"}],"replies":[{"embeddable":true,"href":"https:\/\/www.alpha-graechen.ch\/fr\/wp-json\/wp\/v2\/comments?post=651"}],"version-history":[{"count":9,"href":"https:\/\/www.alpha-graechen.ch\/fr\/wp-json\/wp\/v2\/pages\/651\/revisions"}],"predecessor-version":[{"id":875,"href":"https:\/\/www.alpha-graechen.ch\/fr\/wp-json\/wp\/v2\/pages\/651\/revisions\/875"}],"wp:attachment":[{"href":"https:\/\/www.alpha-graechen.ch\/fr\/wp-json\/wp\/v2\/media?parent=651"}],"curies":[{"name":"wp","href":"https:\/\/api.w.org\/{rel}","templated":true}]}}