{"id":708,"date":"2023-03-15T14:05:53","date_gmt":"2023-03-15T14:05:53","guid":{"rendered":"https:\/\/www.alpha-graechen.ch\/mentions-legales\/"},"modified":"2023-03-15T18:39:25","modified_gmt":"2023-03-15T18:39:25","slug":"mentions-legales","status":"publish","type":"page","link":"https:\/\/www.alpha-graechen.ch\/fr\/mentions-legales\/","title":{"rendered":"Mentions l\u00e9gales"},"content":{"rendered":"\n<div class=\"wp-block-uagb-container uagb-block-21b685f2 alignfull uagb-is-root-container\"><div class=\"uagb-container-inner-blocks-wrap\"><h1 class=\"wp-block-post-title\">Mentions l\u00e9gales<\/h1><\/div><\/div>\n\n\n\n<div class=\"wp-block-uagb-container uagb-block-fd3fd693 alignfull uagb-is-root-container\"><div class=\"uagb-container-inner-blocks-wrap\">\n<p><strong>Instance responsable :<\/strong><br>H\u00f4tel Alpha AG<br>Tapis 457<br>Gr\u00e4chen 3925<br>Suisse<br><strong>E-mail<\/strong>: mail [at] alpha-graechen.ch<\/p>\n\n\n\n<p><strong>Personnes autoris\u00e9es \u00e0 repr\u00e9senter l'association<\/strong><br>Rita Schibler<\/p>\n\n\n\n<p><strong>Nom de l'entreprise<\/strong>: Hotel Alpha AG<br><strong>Registrationsnummer<\/strong>: CH-600.3.019.031-7<br><strong>Num\u00e9ro d'identification de la taxe sur le chiffre d'affaires<\/strong>: CH-600.3.019.031-7 TVA<\/p>\n\n\n\n<p><strong>Clause de non-responsabilit\u00e9<\/strong><br>L'auteur ne garantit pas l'exactitude, la pr\u00e9cision, l'actualit\u00e9, la fiabilit\u00e9 et l'exhaustivit\u00e9 des informations.<br>L'auteur ne saurait \u00eatre tenu pour responsable des dommages mat\u00e9riels ou immat\u00e9riels qui pourraient \u00eatre caus\u00e9s par l'acc\u00e8s aux informations diffus\u00e9es ou par leur utilisation ou non-utilisation, par le mauvais usage de la connexion ou par des probl\u00e8mes techniques.<\/p>\n\n\n\n<p>Toutes les offres sont sans engagement. L'auteur se r\u00e9serve express\u00e9ment le droit de modifier, de compl\u00e9ter ou de supprimer des parties de pages ou l'ensemble de l'offre sans avis pr\u00e9alable, ou d'en suspendre temporairement ou d\u00e9finitivement la publication.<\/p>\n\n\n\n<p><strong>Exclusion de responsabilit\u00e9 pour les contenus et les liens<\/strong><br>Les renvois et liens vers des sites web de tiers ne rel\u00e8vent pas de notre responsabilit\u00e9. Nous d\u00e9clinons toute responsabilit\u00e9 pour de tels sites. L'acc\u00e8s \u00e0 de tels sites et leur utilisation se font aux risques et p\u00e9rils de l'utilisateur concern\u00e9.<\/p>\n\n\n\n<p><strong>D\u00e9claration de droits d'auteur<\/strong><br>Les droits d'auteur et tous les autres droits li\u00e9s aux contenus, images, photos ou autres fichiers de ce site web appartiennent exclusivement \u00e0 Hotel Alpha AG ou aux d\u00e9tenteurs de droits sp\u00e9cialement cit\u00e9s. Pour la reproduction de tout \u00e9l\u00e9ment, l'accord \u00e9crit du d\u00e9tenteur des droits d'auteur doit \u00eatre obtenu au pr\u00e9alable.<\/p>\n\n\n\n<p><strong>Source<\/strong>: <a href=\"https:\/\/brainbox.swiss\/\">BrainBox Solutions<\/a><\/p>\n\n\n\n<div style=\"height:50px\" aria-hidden=\"true\" class=\"wp-block-spacer\"><\/div>\n\n\n\n<h2 class=\"wp-block-heading\">Conception de sites web<\/h2>\n\n\n\n<p>augensaft com GmbH, Webdesign du Valais : <a href=\"https:\/\/www.augensaft.com\" target=\"_blank\" rel=\"noreferrer noopener\">augensaft.com<\/a><\/p>\n<\/div><\/div>\n","protected":false},"excerpt":{"rendered":"<p>Instance responsable :H\u00f4tel Alpha AGTapis 457Gr\u00e4chen 3925SuisseE-mail: mail [at] alpha-graechen.ch Personnes autoris\u00e9es \u00e0 repr\u00e9senter l'associationRita Schibler Nom de l'entreprise: Hotel Alpha AGRegistrationsnummer: CH-600.3.019.031-7Num\u00e9ro d'identification de la taxe sur le chiffre d'affaires: CH-600.3.019.031-7 TVA Clause de non-responsabilit\u00e9L'auteur ne garantit pas l'exactitude, la pr\u00e9cision, l'actualit\u00e9, la fiabilit\u00e9 et l'exhaustivit\u00e9 des informations.L'auteur ne saurait \u00eatre tenu pour responsable [&hellip;]<\/p>\n","protected":false},"author":1,"featured_media":0,"parent":0,"menu_order":0,"comment_status":"closed","ping_status":"closed","template":"","meta":{"inline_featured_image":false,"_uag_custom_page_level_css":"","footnotes":""},"class_list":["post-708","page","type-page","status-publish","hentry"],"yoast_head":"<!-- This site is optimized with the Yoast SEO plugin v27.3 - https:\/\/yoast.com\/product\/yoast-seo-wordpress\/ -->\n<title>Mentions l\u00e9gales - Hotel Alpha in Gr\u00e4chen - Drei Sterne und ideal gelegen!<\/title>\n<meta name=\"description\" content=\"La page des mentions l\u00e9gales vous indique l&#039;instance responsable, la clause de non-responsabilit\u00e9 et la d\u00e9claration de droits d&#039;auteur de l&#039;h\u00f4tel de Gr\u00e4chen.\" \/>\n<meta name=\"robots\" content=\"index, follow, max-snippet:-1, max-image-preview:large, max-video-preview:-1\" \/>\n<link rel=\"canonical\" href=\"https:\/\/www.alpha-graechen.ch\/fr\/mentions-legales\/\" \/>\n<meta property=\"og:locale\" content=\"fr_FR\" \/>\n<meta property=\"og:type\" content=\"article\" \/>\n<meta property=\"og:title\" content=\"Mentions l\u00e9gales - Hotel Alpha in Gr\u00e4chen - Drei Sterne und ideal gelegen!\" \/>\n<meta property=\"og:description\" content=\"La page des mentions l\u00e9gales vous indique l&#039;instance responsable, la clause de non-responsabilit\u00e9 et la d\u00e9claration de droits d&#039;auteur de l&#039;h\u00f4tel de Gr\u00e4chen.\" \/>\n<meta property=\"og:url\" content=\"https:\/\/www.alpha-graechen.ch\/fr\/mentions-legales\/\" \/>\n<meta property=\"og:site_name\" content=\"Hotel Alpha in Gr\u00e4chen - Drei Sterne und ideal gelegen!\" \/>\n<meta property=\"article:publisher\" content=\"https:\/\/www.facebook.com\/profile.php?id=100063655864353\" \/>\n<meta property=\"article:modified_time\" content=\"2023-03-15T18:39:25+00:00\" \/>\n<meta name=\"twitter:card\" content=\"summary_large_image\" \/>\n<meta name=\"twitter:label1\" content=\"Dur\u00e9e de lecture estim\u00e9e\" \/>\n\t<meta name=\"twitter:data1\" content=\"2 minutes\" \/>\n<script type=\"application\/ld+json\" class=\"yoast-schema-graph\">{\"@context\":\"https:\\\/\\\/schema.org\",\"@graph\":[{\"@type\":\"WebPage\",\"@id\":\"https:\\\/\\\/www.alpha-graechen.ch\\\/fr\\\/mentions-legales\\\/\",\"url\":\"https:\\\/\\\/www.alpha-graechen.ch\\\/fr\\\/mentions-legales\\\/\",\"name\":\"Mentions l\u00e9gales - Hotel Alpha in Gr\u00e4chen - Drei Sterne und ideal gelegen!\",\"isPartOf\":{\"@id\":\"https:\\\/\\\/wp.alpha-graechen.ch\\\/#website\"},\"datePublished\":\"2023-03-15T14:05:53+00:00\",\"dateModified\":\"2023-03-15T18:39:25+00:00\",\"description\":\"La page des mentions l\u00e9gales vous indique l'instance responsable, la clause de non-responsabilit\u00e9 et la d\u00e9claration de droits d'auteur de l'h\u00f4tel de Gr\u00e4chen.\",\"breadcrumb\":{\"@id\":\"https:\\\/\\\/www.alpha-graechen.ch\\\/fr\\\/mentions-legales\\\/#breadcrumb\"},\"inLanguage\":\"fr-FR\",\"potentialAction\":[{\"@type\":\"ReadAction\",\"target\":[\"https:\\\/\\\/www.alpha-graechen.ch\\\/fr\\\/mentions-legales\\\/\"]}]},{\"@type\":\"BreadcrumbList\",\"@id\":\"https:\\\/\\\/www.alpha-graechen.ch\\\/fr\\\/mentions-legales\\\/#breadcrumb\",\"itemListElement\":[{\"@type\":\"ListItem\",\"position\":1,\"name\":\"Startseite\",\"item\":\"https:\\\/\\\/www.alpha-graechen.ch\\\/fr\\\/\"},{\"@type\":\"ListItem\",\"position\":2,\"name\":\"Mentions l\u00e9gales\"}]},{\"@type\":\"WebSite\",\"@id\":\"https:\\\/\\\/wp.alpha-graechen.ch\\\/#website\",\"url\":\"https:\\\/\\\/wp.alpha-graechen.ch\\\/\",\"name\":\"Hotel Alpha in Gr\u00e4chen - Drei Sterne und ideal gelegen!\",\"description\":\"\",\"publisher\":{\"@id\":\"https:\\\/\\\/wp.alpha-graechen.ch\\\/#organization\"},\"potentialAction\":[{\"@type\":\"SearchAction\",\"target\":{\"@type\":\"EntryPoint\",\"urlTemplate\":\"https:\\\/\\\/wp.alpha-graechen.ch\\\/?s={search_term_string}\"},\"query-input\":{\"@type\":\"PropertyValueSpecification\",\"valueRequired\":true,\"valueName\":\"search_term_string\"}}],\"inLanguage\":\"fr-FR\"},{\"@type\":\"Organization\",\"@id\":\"https:\\\/\\\/wp.alpha-graechen.ch\\\/#organization\",\"name\":\"Hotel Alpha AG\",\"url\":\"https:\\\/\\\/wp.alpha-graechen.ch\\\/\",\"logo\":{\"@type\":\"ImageObject\",\"inLanguage\":\"fr-FR\",\"@id\":\"https:\\\/\\\/wp.alpha-graechen.ch\\\/#\\\/schema\\\/logo\\\/image\\\/\",\"url\":\"https:\\\/\\\/www.alpha-graechen.ch\\\/wp-content\\\/uploads\\\/2023\\\/02\\\/hotel-alpha-logo-graechen.svg\",\"contentUrl\":\"https:\\\/\\\/www.alpha-graechen.ch\\\/wp-content\\\/uploads\\\/2023\\\/02\\\/hotel-alpha-logo-graechen.svg\",\"width\":\"1024\",\"height\":\"1024\",\"caption\":\"Hotel Alpha AG\"},\"image\":{\"@id\":\"https:\\\/\\\/wp.alpha-graechen.ch\\\/#\\\/schema\\\/logo\\\/image\\\/\"},\"sameAs\":[\"https:\\\/\\\/www.facebook.com\\\/profile.php?id=100063655864353\"]}]}<\/script>\n<!-- \/ Yoast SEO plugin. -->","yoast_head_json":{"title":"Mentions l\u00e9gales - Hotel Alpha in Gr\u00e4chen - Drei Sterne und ideal gelegen!","description":"La page des mentions l\u00e9gales vous indique l'instance responsable, la clause de non-responsabilit\u00e9 et la d\u00e9claration de droits d'auteur de l'h\u00f4tel de Gr\u00e4chen.","robots":{"index":"index","follow":"follow","max-snippet":"max-snippet:-1","max-image-preview":"max-image-preview:large","max-video-preview":"max-video-preview:-1"},"canonical":"https:\/\/www.alpha-graechen.ch\/fr\/mentions-legales\/","og_locale":"fr_FR","og_type":"article","og_title":"Mentions l\u00e9gales - Hotel Alpha in Gr\u00e4chen - Drei Sterne und ideal gelegen!","og_description":"La page des mentions l\u00e9gales vous indique l'instance responsable, la clause de non-responsabilit\u00e9 et la d\u00e9claration de droits d'auteur de l'h\u00f4tel de Gr\u00e4chen.","og_url":"https:\/\/www.alpha-graechen.ch\/fr\/mentions-legales\/","og_site_name":"Hotel Alpha in Gr\u00e4chen - Drei Sterne und ideal gelegen!","article_publisher":"https:\/\/www.facebook.com\/profile.php?id=100063655864353","article_modified_time":"2023-03-15T18:39:25+00:00","twitter_card":"summary_large_image","twitter_misc":{"Dur\u00e9e de lecture estim\u00e9e":"2 minutes"},"schema":{"@context":"https:\/\/schema.org","@graph":[{"@type":"WebPage","@id":"https:\/\/www.alpha-graechen.ch\/fr\/mentions-legales\/","url":"https:\/\/www.alpha-graechen.ch\/fr\/mentions-legales\/","name":"Mentions l\u00e9gales - Hotel Alpha in Gr\u00e4chen - Drei Sterne und ideal gelegen!","isPartOf":{"@id":"https:\/\/wp.alpha-graechen.ch\/#website"},"datePublished":"2023-03-15T14:05:53+00:00","dateModified":"2023-03-15T18:39:25+00:00","description":"La page des mentions l\u00e9gales vous indique l'instance responsable, la clause de non-responsabilit\u00e9 et la d\u00e9claration de droits d'auteur de l'h\u00f4tel de Gr\u00e4chen.","breadcrumb":{"@id":"https:\/\/www.alpha-graechen.ch\/fr\/mentions-legales\/#breadcrumb"},"inLanguage":"fr-FR","potentialAction":[{"@type":"ReadAction","target":["https:\/\/www.alpha-graechen.ch\/fr\/mentions-legales\/"]}]},{"@type":"BreadcrumbList","@id":"https:\/\/www.alpha-graechen.ch\/fr\/mentions-legales\/#breadcrumb","itemListElement":[{"@type":"ListItem","position":1,"name":"Startseite","item":"https:\/\/www.alpha-graechen.ch\/fr\/"},{"@type":"ListItem","position":2,"name":"Mentions l\u00e9gales"}]},{"@type":"WebSite","@id":"https:\/\/wp.alpha-graechen.ch\/#website","url":"https:\/\/wp.alpha-graechen.ch\/","name":"Hotel Alpha in Gr\u00e4chen - Drei Sterne und ideal gelegen!","description":"","publisher":{"@id":"https:\/\/wp.alpha-graechen.ch\/#organization"},"potentialAction":[{"@type":"SearchAction","target":{"@type":"EntryPoint","urlTemplate":"https:\/\/wp.alpha-graechen.ch\/?s={search_term_string}"},"query-input":{"@type":"PropertyValueSpecification","valueRequired":true,"valueName":"search_term_string"}}],"inLanguage":"fr-FR"},{"@type":"Organization","@id":"https:\/\/wp.alpha-graechen.ch\/#organization","name":"Hotel Alpha AG","url":"https:\/\/wp.alpha-graechen.ch\/","logo":{"@type":"ImageObject","inLanguage":"fr-FR","@id":"https:\/\/wp.alpha-graechen.ch\/#\/schema\/logo\/image\/","url":"https:\/\/www.alpha-graechen.ch\/wp-content\/uploads\/2023\/02\/hotel-alpha-logo-graechen.svg","contentUrl":"https:\/\/www.alpha-graechen.ch\/wp-content\/uploads\/2023\/02\/hotel-alpha-logo-graechen.svg","width":"1024","height":"1024","caption":"Hotel Alpha AG"},"image":{"@id":"https:\/\/wp.alpha-graechen.ch\/#\/schema\/logo\/image\/"},"sameAs":["https:\/\/www.facebook.com\/profile.php?id=100063655864353"]}]}},"uagb_featured_image_src":{"full":false,"thumbnail":false,"medium":false,"medium_large":false,"large":false,"1536x1536":false,"2048x2048":false},"uagb_author_info":{"display_name":"admin","author_link":"https:\/\/www.alpha-graechen.ch\/fr\/author\/adminischteralp\/"},"uagb_comment_info":0,"uagb_excerpt":"Instance responsable :H\u00f4tel Alpha AGTapis 457Gr\u00e4chen 3925SuisseE-mail: mail [at] alpha-graechen.ch Personnes autoris\u00e9es \u00e0 repr\u00e9senter l'associationRita Schibler Nom de l'entreprise: Hotel Alpha AGRegistrationsnummer: CH-600.3.019.031-7Num\u00e9ro d'identification de la taxe sur le chiffre d'affaires: CH-600.3.019.031-7 TVA Clause de non-responsabilit\u00e9L'auteur ne garantit pas l'exactitude, la pr\u00e9cision, l'actualit\u00e9, la fiabilit\u00e9 et l'exhaustivit\u00e9 des informations.L'auteur ne saurait \u00eatre tenu pour responsable\u2026","_links":{"self":[{"href":"https:\/\/www.alpha-graechen.ch\/fr\/wp-json\/wp\/v2\/pages\/708","targetHints":{"allow":["GET"]}}],"collection":[{"href":"https:\/\/www.alpha-graechen.ch\/fr\/wp-json\/wp\/v2\/pages"}],"about":[{"href":"https:\/\/www.alpha-graechen.ch\/fr\/wp-json\/wp\/v2\/types\/page"}],"author":[{"embeddable":true,"href":"https:\/\/www.alpha-graechen.ch\/fr\/wp-json\/wp\/v2\/users\/1"}],"replies":[{"embeddable":true,"href":"https:\/\/www.alpha-graechen.ch\/fr\/wp-json\/wp\/v2\/comments?post=708"}],"version-history":[{"count":8,"href":"https:\/\/www.alpha-graechen.ch\/fr\/wp-json\/wp\/v2\/pages\/708\/revisions"}],"predecessor-version":[{"id":796,"href":"https:\/\/www.alpha-graechen.ch\/fr\/wp-json\/wp\/v2\/pages\/708\/revisions\/796"}],"wp:attachment":[{"href":"https:\/\/www.alpha-graechen.ch\/fr\/wp-json\/wp\/v2\/media?parent=708"}],"curies":[{"name":"wp","href":"https:\/\/api.w.org\/{rel}","templated":true}]}}